{"id":331,"date":"2026-03-19T13:58:04","date_gmt":"2026-03-19T12:58:04","guid":{"rendered":"https:\/\/cetbolivia.org\/?page_id=331"},"modified":"2026-03-20T14:25:14","modified_gmt":"2026-03-20T13:25:14","slug":"quienes-somos","status":"publish","type":"page","link":"https:\/\/cetbolivia.org\/en\/quienes-somos\/","title":{"rendered":"Quienes somos"},"content":{"rendered":"<p>La <strong>Editorial CET Bolivia<\/strong>, fundada en 2011 por el <strong><em>Centro de Estudios Transdisciplinarios Bolivia (CET-Bolivia)<\/em><\/strong>, es una organizaci\u00f3n sin fines de lucro. <strong>CET-Bolivia<\/strong> surge como una entidad vinculada a diversas universidades del pa\u00eds para visibilizar su labor investigadora y generar redes de colaboraci\u00f3n a nivel latinoamericano. La editorial se ha consolidado como un referente en la producci\u00f3n cient\u00edfica, as\u00ed como en la visibilidad y apropiaci\u00f3n del conocimiento acad\u00e9mico de calidad internacional. Su labor se centra en impulsar la excelencia cient\u00edfica, apoy\u00e1ndose en editores expertos, una rigurosa revisi\u00f3n por pares, el cuidado de la \u00e9tica editorial y la facilitaci\u00f3n del intercambio global de saberes; todo ello contribuye a la visibilidad de la investigaci\u00f3n de calidad y al fortalecimiento del di\u00e1logo interdisciplinario.<\/p>\n\n\n\n<p>Desde 2017, la editorial inici\u00f3 una etapa de consolidaci\u00f3n cient\u00edfica mediante la creaci\u00f3n de revistas especializadas en diversas \u00e1reas del conocimiento. Estas publicaciones cumplen con est\u00e1ndares internacionales, pol\u00edticas de acceso abierto (<strong>Open Access<\/strong>) y las buenas pr\u00e1cticas recomendadas por organismos y documentos de referencia, tales como la <strong>Declaraci\u00f3n de Singapur<\/strong> (2010), las directrices de <strong>COPE <\/strong>(Committee on Publication Ethics, 2024), la taxonom\u00eda <strong><em>NISO CRediT<\/em><\/strong> (2024) y <strong>WAME <\/strong>(2023).<\/p>\n\n\n\n<p>Nuestras revistas cient\u00edficas fomentan la difusi\u00f3n de investigaciones originales, la colaboraci\u00f3n acad\u00e9mica y la visibilidad global de los autores, promoviendo el debate cient\u00edfico, la innovaci\u00f3n y el pensamiento cr\u00edtico<\/p>\n\n\n\n<p>Bajo un enfoque transdisciplinario y adoptando los protocolos de producci\u00f3n cient\u00edfica m\u00e1s modernos, la <strong>Editorial CET-Bolivia<\/strong> mantiene un firme compromiso con la calidad. Su objetivo es internacionalizar la ciencia y posicionar sus revistas en \u00edndices referenciales internacionales para, de este modo, contribuyendo al avance del conocimiento ciet\u00edfico a nivel regional y global.<\/p>\n\n\n\n<p>Nuestro equipo interdisciplinar de editores y expertos en producci\u00f3n cient\u00edfica trabajan en forma articulada desde: Argentina, Bolivia, Colombia, Chile, Ecuador, Paraguay y Venezuela.<\/p>","protected":false},"excerpt":{"rendered":"<p>La Editorial CET Bolivia, fundada en 2011 por el Centro de Estudios Transdisciplinarios Bolivia (CET-Bolivia), es una organizaci\u00f3n sin fines [&hellip;]<\/p>","protected":false},"author":1,"featured_media":0,"parent":0,"menu_order":0,"comment_status":"closed","ping_status":"closed","template":"","meta":{"_uag_custom_page_level_css":"","site-sidebar-layout":"default","site-content-layout":"","ast-site-content-layout":"default","site-content-style":"default","site-sidebar-style":"default","ast-global-header-display":"","ast-banner-title-visibility":"","ast-main-header-display":"","ast-hfb-above-header-display":"","ast-hfb-below-header-display":"","ast-hfb-mobile-header-display":"","site-post-title":"","ast-breadcrumbs-content":"","ast-featured-img":"","footer-sml-layout":"","theme-transparent-header-meta":"","adv-header-id-meta":"","stick-header-meta":"","header-above-stick-meta":"","header-main-stick-meta":"","header-below-stick-meta":"","astra-migrate-meta-layouts":"default","ast-page-background-enabled":"default","ast-page-background-meta":{"desktop":{"background-color":"var(--ast-global-color-5)","background-image":"","background-repeat":"repeat","background-position":"center center","background-size":"auto","background-attachment":"scroll","background-type":"","background-media":"","overlay-type":"","overlay-color":"","overlay-opacity":"","overlay-gradient":""},"tablet":{"background-color":"","background-image":"","background-repeat":"repeat","background-position":"center center","background-size":"auto","background-attachment":"scroll","background-type":"","background-media":"","overlay-type":"","overlay-color":"","overlay-opacity":"","overlay-gradient":""},"mobile":{"background-color":"","background-image":"","background-repeat":"repeat","background-position":"center center","background-size":"auto","background-attachment":"scroll","background-type":"","background-media":"","overlay-type":"","overlay-color":"","overlay-opacity":"","overlay-gradient":""}},"ast-content-background-meta":{"desktop":{"background-color":"var(--ast-global-color-4)","background-image":"","background-repeat":"repeat","background-position":"center center","background-size":"auto","background-attachment":"scroll","background-type":"","background-media":"","overlay-type":"","overlay-color":"","overlay-opacity":"","overlay-gradient":""},"tablet":{"background-color":"var(--ast-global-color-4)","background-image":"","background-repeat":"repeat","background-position":"center center","background-size":"auto","background-attachment":"scroll","background-type":"","background-media":"","overlay-type":"","overlay-color":"","overlay-opacity":"","overlay-gradient":""},"mobile":{"background-color":"var(--ast-global-color-4)","background-image":"","background-repeat":"repeat","background-position":"center center","background-size":"auto","background-attachment":"scroll","background-type":"","background-media":"","overlay-type":"","overlay-color":"","overlay-opacity":"","overlay-gradient":""}},"footnotes":""},"class_list":["post-331","page","type-page","status-publish","hentry"],"uagb_featured_image_src":{"full":false,"thumbnail":false,"medium":false,"medium_large":false,"large":false,"1536x1536":false,"2048x2048":false,"trp-custom-language-flag":false},"uagb_author_info":{"display_name":"soportesistemas","author_link":"https:\/\/cetbolivia.org\/en\/blog\/author\/soportesistemas\/"},"uagb_comment_info":0,"uagb_excerpt":"La Editorial CET Bolivia, fundada en 2011 por el Centro de Estudios Transdisciplinarios Bolivia (CET-Bolivia), es una organizaci\u00f3n sin fines [&hellip;]","_links":{"self":[{"href":"https:\/\/cetbolivia.org\/en\/wp-json\/wp\/v2\/pages\/331","targetHints":{"allow":["GET"]}}],"collection":[{"href":"https:\/\/cetbolivia.org\/en\/wp-json\/wp\/v2\/pages"}],"about":[{"href":"https:\/\/cetbolivia.org\/en\/wp-json\/wp\/v2\/types\/page"}],"author":[{"embeddable":true,"href":"https:\/\/cetbolivia.org\/en\/wp-json\/wp\/v2\/users\/1"}],"replies":[{"embeddable":true,"href":"https:\/\/cetbolivia.org\/en\/wp-json\/wp\/v2\/comments?post=331"}],"version-history":[{"count":3,"href":"https:\/\/cetbolivia.org\/en\/wp-json\/wp\/v2\/pages\/331\/revisions"}],"predecessor-version":[{"id":429,"href":"https:\/\/cetbolivia.org\/en\/wp-json\/wp\/v2\/pages\/331\/revisions\/429"}],"wp:attachment":[{"href":"https:\/\/cetbolivia.org\/en\/wp-json\/wp\/v2\/media?parent=331"}],"curies":[{"name":"wp","href":"https:\/\/api.w.org\/{rel}","templated":true}]}}