{"id":94,"date":"2025-10-03T08:06:38","date_gmt":"2025-10-03T06:06:38","guid":{"rendered":"https:\/\/cetbolivia.org\/?page_id=94"},"modified":"2026-03-16T13:11:39","modified_gmt":"2026-03-16T12:11:39","slug":"revistas","status":"publish","type":"page","link":"https:\/\/cetbolivia.org\/en\/revistas\/","title":{"rendered":"Revistas"},"content":{"rendered":"<div class=\"wp-block-uagb-container uagb-block-1cfab3d0 alignfull uagb-is-root-container\"><div class=\"uagb-container-inner-blocks-wrap\">\n<div class=\"wp-block-columns is-layout-flex wp-container-core-columns-is-layout-28f84493 wp-block-columns-is-layout-flex\">\n<div class=\"wp-block-column is-layout-flow wp-block-column-is-layout-flow\" style=\"flex-basis:33.33%\">\n<figure class=\"wp-block-image size-large is-resized\"><img decoding=\"async\" src=\"https:\/\/revistahorizontes.org\/public\/journals\/1\/Tapa-Horizontes-SN2.png\" alt=\"\" style=\"width:302px;height:auto\"\/><\/figure>\n<\/div>\n\n\n\n<div class=\"wp-block-column is-layout-flow wp-block-column-is-layout-flow\" style=\"flex-basis:66.66%\">\n<h3 class=\"wp-block-heading\">Horizontes, Revista de Investigaci\u00f3n en Ciencias de la Educaci\u00f3n<\/h3>\n\n\n\n<p>ISSN: <a href=\"https:\/\/portal.issn.org\/resource\/ISSN\/2616-7964\">2616-7964<\/a><\/p>\n\n\n\n<p>La&nbsp;<strong>Revista de Investigaci\u00f3n en Ciencias de la Educaci\u00f3n Horizontes&nbsp;<\/strong>es una publicaci\u00f3n cient\u00edfica internacional, de acceso abierto y revisada por pares, cuya misi\u00f3n es fomentar la difusi\u00f3n de conocimiento riguroso e innovador en el campo de las Ciencias de la Educaci\u00f3n y las Ciencias Sociales. La revista busca servir como un puente para el di\u00e1logo acad\u00e9mico entre investigadores de Iberoam\u00e9rica y el resto del mundo, promoviendo la producci\u00f3n de conocimiento que contribuya al avance cient\u00edfico y al desarrollo social.<\/p>\n\n\n\n<div class=\"wp-block-buttons is-content-justification-center is-layout-flex wp-container-core-buttons-is-layout-a89b3969 wp-block-buttons-is-layout-flex\">\n<div class=\"wp-block-button\"><a class=\"wp-block-button__link has-text-align-center wp-element-button\" href=\"https:\/\/revistahorizontes.org\/index.php\/revistahorizontes\">\u00daltimo n\u00famero<\/a><\/div>\n\n\n\n<div class=\"wp-block-button\"><a class=\"wp-block-button__link has-text-align-center wp-element-button\" href=\"https:\/\/revistahorizontes.org\/index.php\/revistahorizontes\/issue\/archive\">Colecciones<\/a><\/div>\n<\/div>\n<\/div>\n<\/div>\n<\/div><\/div>\n\n\n\n<div class=\"wp-block-uagb-container uagb-block-2020e00b alignfull uagb-is-root-container\"><div class=\"uagb-container-inner-blocks-wrap\">\n<div class=\"wp-block-columns is-layout-flex wp-container-core-columns-is-layout-28f84493 wp-block-columns-is-layout-flex\">\n<div class=\"wp-block-column is-layout-flow wp-block-column-is-layout-flow\" style=\"flex-basis:33.33%\">\n<figure class=\"wp-block-image size-large is-resized\"><img decoding=\"async\" src=\"https:\/\/revistaalfa.org\/public\/journals\/1\/Tapa-revista-ALFA-SN2.png\" alt=\"\" style=\"width:302px;height:auto\"\/><\/figure>\n<\/div>\n\n\n\n<div class=\"wp-block-column is-layout-flow wp-block-column-is-layout-flow\" style=\"flex-basis:66.66%\">\n<h3 class=\"wp-block-heading\">Alfa, Revista de Investigaci\u00f3n en Ciencias Agron\u00f3micas<\/h3>\n\n\n\n<p>ISSN: <a href=\"https:\/\/portal.issn.org\/resource\/ISSN\/2664-0902\">2664-0902<\/a><\/p>\n\n\n\n<p>La Revista ALFA es un nuevo medio de divulgaci\u00f3n cient\u00edfica, human\u00edstica, especializada en el \u00e1rea de Ciencias Agr\u00edcolas y Veterinarias, creada por el Centro de Estudios Transdisciplinarios Bolivia, bajo la orientaci\u00f3n o modalidad de acceso abierto. Esta revista persigue posicionarse en los principales portales de indizaci\u00f3n, a trav\u00e9s de las investigaciones cient\u00edficas de calidad que se publicaran en ella. Posee adem\u00e1s, un alcance internacional, y se mantiene abierta a todos los docentes e investigadores.<\/p>\n\n\n\n<div class=\"wp-block-buttons is-content-justification-center is-layout-flex wp-container-core-buttons-is-layout-a89b3969 wp-block-buttons-is-layout-flex\">\n<div class=\"wp-block-button\"><a class=\"wp-block-button__link has-text-align-center wp-element-button\" href=\"https:\/\/revistaalfa.org\/index.php\/revistaalfa\">\u00daltimo n\u00famero<\/a><\/div>\n\n\n\n<div class=\"wp-block-button\"><a class=\"wp-block-button__link has-text-align-center wp-element-button\" href=\"https:\/\/revistaalfa.org\/index.php\/revistaalfa\/issue\/archive\">Colecciones<\/a><\/div>\n<\/div>\n<\/div>\n<\/div>\n<\/div><\/div>\n\n\n\n<div class=\"wp-block-uagb-container uagb-block-6aaeb852 alignfull uagb-is-root-container\"><div class=\"uagb-container-inner-blocks-wrap\">\n<div class=\"wp-block-columns is-layout-flex wp-container-core-columns-is-layout-28f84493 wp-block-columns-is-layout-flex\">\n<div class=\"wp-block-column is-layout-flow wp-block-column-is-layout-flow\" style=\"flex-basis:33.33%\">\n<figure class=\"wp-block-image size-large is-resized\"><img decoding=\"async\" src=\"https:\/\/revistavive.org\/public\/journals\/1\/Tapa-revista-Vive-SN2.jpg\" alt=\"\" style=\"width:298px;height:auto\"\/><\/figure>\n<\/div>\n\n\n\n<div class=\"wp-block-column is-layout-flow wp-block-column-is-layout-flow\" style=\"flex-basis:66.66%\">\n<h3 class=\"wp-block-heading\">Vive, Revista de Investigaci\u00f3n en Salud<\/h3>\n\n\n\n<p>ISSN: <a href=\"https:\/\/portal.issn.org\/resource\/ISSN\/2664-3243\">2664-3243<\/a><\/p>\n\n\n\n<p>La Revista de Salud Vive, tiene como prop\u00f3sito lograr la difusi\u00f3n y divulgaci\u00f3n de los avances y resultados de las investigaciones cient\u00edficas en el \u00e1rea de la Salud de los centros de atenci\u00f3n hospitalaria, universidades y postgrados existentes en las instituciones de salud en todo el continente iberoamericano, bajo un enfoque multidisciplinario debido a la amplitud de su campo.<\/p>\n\n\n\n<div class=\"wp-block-buttons is-content-justification-center is-layout-flex wp-container-core-buttons-is-layout-a89b3969 wp-block-buttons-is-layout-flex\">\n<div class=\"wp-block-button\"><a class=\"wp-block-button__link has-text-align-center wp-element-button\" href=\"https:\/\/revistavive.org\/\">\u00daltimo n\u00famero<\/a><\/div>\n\n\n\n<div class=\"wp-block-button\"><a class=\"wp-block-button__link has-text-align-center wp-element-button\" href=\"https:\/\/revistavive.org\/index.php\/revistavive\/issue\/archive\">Colecciones<\/a><\/div>\n<\/div>\n<\/div>\n<\/div>\n<\/div><\/div>\n\n\n\n<div class=\"wp-block-uagb-container uagb-block-c4fe8782 alignfull uagb-is-root-container\"><div class=\"uagb-container-inner-blocks-wrap\">\n<div class=\"wp-block-columns is-layout-flex wp-container-core-columns-is-layout-28f84493 wp-block-columns-is-layout-flex\">\n<div class=\"wp-block-column is-layout-flow wp-block-column-is-layout-flow\" style=\"flex-basis:33.33%\">\n<figure class=\"wp-block-image size-large is-resized\"><img decoding=\"async\" src=\"https:\/\/revistaingenieria.org\/public\/site\/images\/masteradmin\/tapa-ingeniera-sn.png\" alt=\"\" style=\"width:298px;height:auto\"\/><\/figure>\n<\/div>\n\n\n\n<div class=\"wp-block-column is-layout-flow wp-block-column-is-layout-flow\" style=\"flex-basis:66.66%\">\n<h3 class=\"wp-block-heading\">Revista Ingenier\u00eda y sus alcances<\/h3>\n\n\n\n<p>ISSN: <a href=\"https:\/\/portal.issn.org\/resource\/ISSN\/2664-8245\">2664-8245<\/a><\/p>\n\n\n\n<p>La Revista de Investigaci\u00f3n de Ingenier\u00eda y sus Alcances, tiene como prop\u00f3sito lograr la difusi\u00f3n y divulgaci\u00f3n de los avances y resultados de las investigaciones cient\u00edficas en el \u00e1rea de Ingenier\u00eda de las universidades de Bolivia y todo continente iberoamericano, bajo un enfoque multidisciplinario debido a la amplitud de su campo, manteni\u00e9ndose en el contexto nacional e internacional.<\/p>\n\n\n\n<div class=\"wp-block-buttons is-content-justification-center is-layout-flex wp-container-core-buttons-is-layout-a89b3969 wp-block-buttons-is-layout-flex\">\n<div class=\"wp-block-button\"><a class=\"wp-block-button__link has-text-align-center wp-element-button\" href=\"https:\/\/revistavive.org\/\">\u00daltimo n\u00famero<\/a><\/div>\n\n\n\n<div class=\"wp-block-button\"><a class=\"wp-block-button__link has-text-align-center wp-element-button\" href=\"https:\/\/revistaingenieria.org\/index.php\/revistaingenieria\/issue\/archive\">Colecciones<\/a><\/div>\n<\/div>\n<\/div>\n<\/div>\n<\/div><\/div>\n\n\n\n<div class=\"wp-block-uagb-container uagb-block-dcc0ea0b alignfull uagb-is-root-container\"><div class=\"uagb-container-inner-blocks-wrap\">\n<div class=\"wp-block-columns is-layout-flex wp-container-core-columns-is-layout-28f84493 wp-block-columns-is-layout-flex\">\n<div class=\"wp-block-column is-layout-flow wp-block-column-is-layout-flow\" style=\"flex-basis:33.33%\">\n<figure class=\"wp-block-image size-large is-resized\"><img decoding=\"async\" src=\"https:\/\/revistaenfoques.org\/public\/site\/images\/masteradmin\/enfoques-8-30-1-1.png\" alt=\"\" style=\"width:298px;height:auto\"\/><\/figure>\n<\/div>\n\n\n\n<div class=\"wp-block-column is-layout-flow wp-block-column-is-layout-flow\" style=\"flex-basis:66.66%\">\n<h3 class=\"wp-block-heading\">Enfoques, Revista de Investigaci\u00f3n en Ciencias administrativas<\/h3>\n\n\n\n<p>ISSN: <a href=\"https:\/\/portal.issn.org\/resource\/ISSN\/2616-8219\">2616-8219<\/a><\/p>\n\n\n\n<p><em>Revista Enfoques<\/em> es una publicaci\u00f3n cient\u00edfica de acceso abierto orientada a la difusi\u00f3n de conocimiento acad\u00e9mico, resultados de investigaci\u00f3n y reflexiones te\u00f3ricas en ciencias administrativas y otras disciplinas afines. Su prop\u00f3sito es promover el debate cient\u00edfico interdisciplinario y contribuir al desarrollo del pensamiento cr\u00edtico, la innovaci\u00f3n social y la transferencia de conocimiento en el \u00e1mbito iberoamericano e internacional.<\/p>\n\n\n\n<div class=\"wp-block-buttons is-content-justification-center is-layout-flex wp-container-core-buttons-is-layout-a89b3969 wp-block-buttons-is-layout-flex\">\n<div class=\"wp-block-button\"><a class=\"wp-block-button__link has-text-align-center wp-element-button\" href=\"https:\/\/revistaenfoques.org\/\">\u00daltimo n\u00famero<\/a><\/div>\n\n\n\n<div class=\"wp-block-button\"><a class=\"wp-block-button__link has-text-align-center wp-element-button\" href=\"https:\/\/revistaenfoques.org\/index.php\/revistaenfoques\/issue\/archive\">Colecciones<\/a><\/div>\n<\/div>\n<\/div>\n<\/div>\n<\/div><\/div>","protected":false},"excerpt":{"rendered":"<p>Horizontes, Revista de Investigaci\u00f3n en Ciencias de la Educaci\u00f3n ISSN: 2616-7964 La&nbsp;Revista de Investigaci\u00f3n en Ciencias de la Educaci\u00f3n Horizontes&nbsp;es [&hellip;]<\/p>","protected":false},"author":1,"featured_media":0,"parent":0,"menu_order":0,"comment_status":"closed","ping_status":"closed","template":"","meta":{"_uag_custom_page_level_css":"","site-sidebar-layout":"default","site-content-layout":"","ast-site-content-layout":"default","site-content-style":"default","site-sidebar-style":"default","ast-global-header-display":"","ast-banner-title-visibility":"","ast-main-header-display":"","ast-hfb-above-header-display":"","ast-hfb-below-header-display":"","ast-hfb-mobile-header-display":"","site-post-title":"","ast-breadcrumbs-content":"","ast-featured-img":"","footer-sml-layout":"","theme-transparent-header-meta":"","adv-header-id-meta":"","stick-header-meta":"","header-above-stick-meta":"","header-main-stick-meta":"","header-below-stick-meta":"","astra-migrate-meta-layouts":"default","ast-page-background-enabled":"default","ast-page-background-meta":{"desktop":{"background-color":"var(--ast-global-color-5)","background-image":"","background-repeat":"repeat","background-position":"center center","background-size":"auto","background-attachment":"scroll","background-type":"","background-media":"","overlay-type":"","overlay-color":"","overlay-opacity":"","overlay-gradient":""},"tablet":{"background-color":"","background-image":"","background-repeat":"repeat","background-position":"center center","background-size":"auto","background-attachment":"scroll","background-type":"","background-media":"","overlay-type":"","overlay-color":"","overlay-opacity":"","overlay-gradient":""},"mobile":{"background-color":"","background-image":"","background-repeat":"repeat","background-position":"center center","background-size":"auto","background-attachment":"scroll","background-type":"","background-media":"","overlay-type":"","overlay-color":"","overlay-opacity":"","overlay-gradient":""}},"ast-content-background-meta":{"desktop":{"background-color":"var(--ast-global-color-4)","background-image":"","background-repeat":"repeat","background-position":"center center","background-size":"auto","background-attachment":"scroll","background-type":"","background-media":"","overlay-type":"","overlay-color":"","overlay-opacity":"","overlay-gradient":""},"tablet":{"background-color":"var(--ast-global-color-4)","background-image":"","background-repeat":"repeat","background-position":"center center","background-size":"auto","background-attachment":"scroll","background-type":"","background-media":"","overlay-type":"","overlay-color":"","overlay-opacity":"","overlay-gradient":""},"mobile":{"background-color":"var(--ast-global-color-4)","background-image":"","background-repeat":"repeat","background-position":"center center","background-size":"auto","background-attachment":"scroll","background-type":"","background-media":"","overlay-type":"","overlay-color":"","overlay-opacity":"","overlay-gradient":""}},"footnotes":""},"class_list":["post-94","page","type-page","status-publish","hentry"],"uagb_featured_image_src":{"full":false,"thumbnail":false,"medium":false,"medium_large":false,"large":false,"1536x1536":false,"2048x2048":false,"trp-custom-language-flag":false},"uagb_author_info":{"display_name":"soportesistemas","author_link":"https:\/\/cetbolivia.org\/en\/blog\/author\/soportesistemas\/"},"uagb_comment_info":0,"uagb_excerpt":"Horizontes, Revista de Investigaci\u00f3n en Ciencias de la Educaci\u00f3n ISSN: 2616-7964 La&nbsp;Revista de Investigaci\u00f3n en Ciencias de la Educaci\u00f3n Horizontes&nbsp;es [&hellip;]","_links":{"self":[{"href":"https:\/\/cetbolivia.org\/en\/wp-json\/wp\/v2\/pages\/94","targetHints":{"allow":["GET"]}}],"collection":[{"href":"https:\/\/cetbolivia.org\/en\/wp-json\/wp\/v2\/pages"}],"about":[{"href":"https:\/\/cetbolivia.org\/en\/wp-json\/wp\/v2\/types\/page"}],"author":[{"embeddable":true,"href":"https:\/\/cetbolivia.org\/en\/wp-json\/wp\/v2\/users\/1"}],"replies":[{"embeddable":true,"href":"https:\/\/cetbolivia.org\/en\/wp-json\/wp\/v2\/comments?post=94"}],"version-history":[{"count":4,"href":"https:\/\/cetbolivia.org\/en\/wp-json\/wp\/v2\/pages\/94\/revisions"}],"predecessor-version":[{"id":257,"href":"https:\/\/cetbolivia.org\/en\/wp-json\/wp\/v2\/pages\/94\/revisions\/257"}],"wp:attachment":[{"href":"https:\/\/cetbolivia.org\/en\/wp-json\/wp\/v2\/media?parent=94"}],"curies":[{"name":"wp","href":"https:\/\/api.w.org\/{rel}","templated":true}]}}