{"id":96,"date":"2025-10-03T08:06:47","date_gmt":"2025-10-03T06:06:47","guid":{"rendered":"https:\/\/cetbolivia.org\/?page_id=96"},"modified":"2025-10-09T02:10:26","modified_gmt":"2025-10-09T00:10:26","slug":"libros","status":"publish","type":"page","link":"https:\/\/cetbolivia.org\/en\/libros\/","title":{"rendered":"Libros"},"content":{"rendered":"<div class=\"wp-block-uagb-container uagb-block-1cfab3d0 alignfull uagb-is-root-container\"><div class=\"uagb-container-inner-blocks-wrap\">\n<div class=\"wp-block-columns is-layout-flex wp-container-core-columns-is-layout-28f84493 wp-block-columns-is-layout-flex\">\n<div class=\"wp-block-column is-layout-flow wp-block-column-is-layout-flow\" style=\"flex-basis:20%\">\n<figure class=\"wp-block-image size-large\"><img decoding=\"async\" src=\"https:\/\/editorial.cetbolivia.org\/wp-content\/uploads\/2024\/01\/memorias-turismo-sucre.jpg\" alt=\"\" style=\"object-fit:cover\"\/><\/figure>\n<\/div>\n\n\n\n<div class=\"wp-block-column is-layout-flow wp-block-column-is-layout-flow\" style=\"flex-basis:80%\">\n<h3 class=\"wp-block-heading\"><strong>Memorias Cient\u00edficas del I Congreso Internacional de Turismo y Hoteler\u00eda<\/strong><\/h3>\n\n\n\n<p>ISBN: 978-9942-14-901-5<\/p>\n\n\n\n<p>Compiladores: Jos\u00e9 Ernesto Fern\u00e1ndez, Edgar Olivares Alvares<\/p>\n\n\n\n<div class=\"wp-block-buttons is-content-justification-center is-layout-flex wp-container-core-buttons-is-layout-a89b3969 wp-block-buttons-is-layout-flex\">\n<div class=\"wp-block-button\"><a class=\"wp-block-button__link has-text-align-center wp-element-button\" href=\"https:\/\/repositorio.cidecuador.org\/bitstream\/123456789\/2094\/1\/memorias-turismo-sucre.pdf\">Descargar PDF<\/a><\/div>\n<\/div>\n<\/div>\n<\/div>\n\n\n\n<div class=\"wp-block-columns is-layout-flex wp-container-core-columns-is-layout-28f84493 wp-block-columns-is-layout-flex\">\n<div class=\"wp-block-column is-layout-flow wp-block-column-is-layout-flow\" style=\"flex-basis:20%\">\n<figure class=\"wp-block-image size-large\"><img loading=\"lazy\" decoding=\"async\" width=\"791\" height=\"1024\" src=\"https:\/\/cetbolivia.org\/wp-content\/uploads\/2025\/10\/memorias-trabajo-social-ii-1-791x1024.png\" alt=\"\" class=\"wp-image-205\" style=\"object-fit:cover\" srcset=\"https:\/\/cetbolivia.org\/wp-content\/uploads\/2025\/10\/memorias-trabajo-social-ii-1-791x1024.png 791w, https:\/\/cetbolivia.org\/wp-content\/uploads\/2025\/10\/memorias-trabajo-social-ii-1-232x300.png 232w, https:\/\/cetbolivia.org\/wp-content\/uploads\/2025\/10\/memorias-trabajo-social-ii-1-768x994.png 768w, https:\/\/cetbolivia.org\/wp-content\/uploads\/2025\/10\/memorias-trabajo-social-ii-1-1187x1536.png 1187w, https:\/\/cetbolivia.org\/wp-content\/uploads\/2025\/10\/memorias-trabajo-social-ii-1-1583x2048.png 1583w, https:\/\/cetbolivia.org\/wp-content\/uploads\/2025\/10\/memorias-trabajo-social-ii-1-9x12.png 9w, https:\/\/cetbolivia.org\/wp-content\/uploads\/2025\/10\/memorias-trabajo-social-ii-1-scaled.png 1978w\" sizes=\"auto, (max-width: 791px) 100vw, 791px\" \/><\/figure>\n<\/div>\n\n\n\n<div class=\"wp-block-column is-layout-flow wp-block-column-is-layout-flow\" style=\"flex-basis:80%\">\n<h3 class=\"wp-block-heading\"><strong>Memorias Cient\u00edficas del II Encuentro Internacional de Trabajo Social<\/strong><\/h3>\n\n\n\n<p>ISBN: 978-99974-72-61-8<\/p>\n\n\n\n<p>Compiladores: Rosario Luizaga Pati\u00f1o, Edgar Olivares Alvares<\/p>\n\n\n\n<div class=\"wp-block-buttons is-content-justification-center is-layout-flex wp-container-core-buttons-is-layout-a89b3969 wp-block-buttons-is-layout-flex\">\n<div class=\"wp-block-button\"><a class=\"wp-block-button__link has-text-align-center wp-element-button\" href=\"https:\/\/repositorio.cidecuador.org\/handle\/123456789\/2091\">Descargar PDF<\/a><\/div>\n<\/div>\n<\/div>\n<\/div>\n\n\n\n<div class=\"wp-block-columns is-layout-flex wp-container-core-columns-is-layout-28f84493 wp-block-columns-is-layout-flex\">\n<div class=\"wp-block-column is-layout-flow wp-block-column-is-layout-flow\" style=\"flex-basis:20%\">\n<figure class=\"wp-block-image size-large\"><img loading=\"lazy\" decoding=\"async\" width=\"791\" height=\"1024\" src=\"https:\/\/cetbolivia.org\/wp-content\/uploads\/2025\/10\/memorias-iv-encuentro-psicologia-1-791x1024.png\" alt=\"\" class=\"wp-image-204\" style=\"object-fit:cover\" srcset=\"https:\/\/cetbolivia.org\/wp-content\/uploads\/2025\/10\/memorias-iv-encuentro-psicologia-1-791x1024.png 791w, https:\/\/cetbolivia.org\/wp-content\/uploads\/2025\/10\/memorias-iv-encuentro-psicologia-1-232x300.png 232w, https:\/\/cetbolivia.org\/wp-content\/uploads\/2025\/10\/memorias-iv-encuentro-psicologia-1-768x994.png 768w, https:\/\/cetbolivia.org\/wp-content\/uploads\/2025\/10\/memorias-iv-encuentro-psicologia-1-1186x1536.png 1186w, https:\/\/cetbolivia.org\/wp-content\/uploads\/2025\/10\/memorias-iv-encuentro-psicologia-1-1582x2048.png 1582w, https:\/\/cetbolivia.org\/wp-content\/uploads\/2025\/10\/memorias-iv-encuentro-psicologia-1-9x12.png 9w, https:\/\/cetbolivia.org\/wp-content\/uploads\/2025\/10\/memorias-iv-encuentro-psicologia-1-scaled.png 1977w\" sizes=\"auto, (max-width: 791px) 100vw, 791px\" \/><\/figure>\n<\/div>\n\n\n\n<div class=\"wp-block-column is-layout-flow wp-block-column-is-layout-flow\" style=\"flex-basis:80%\">\n<h3 class=\"wp-block-heading\"><strong>Memorias Cient\u00edficas del IV Encuentro Boliviano de Psicolog\u00eda<\/strong><\/h3>\n\n\n\n<p>ISBN: 978-9942-8632-2-5<\/p>\n\n\n\n<p>Compiladores: Tatiana Huici Pinto, Edgar Olivares Alvares<\/p>\n\n\n\n<div class=\"wp-block-buttons is-content-justification-center is-layout-flex wp-container-core-buttons-is-layout-a89b3969 wp-block-buttons-is-layout-flex\">\n<div class=\"wp-block-button\"><a class=\"wp-block-button__link has-text-align-center wp-element-button\" href=\"https:\/\/repositorio.cidecuador.org\/handle\/123456789\/2090\">Descargar PDF<\/a><\/div>\n<\/div>\n<\/div>\n<\/div>\n\n\n\n<div class=\"wp-block-columns is-layout-flex wp-container-core-columns-is-layout-28f84493 wp-block-columns-is-layout-flex\">\n<div class=\"wp-block-column is-layout-flow wp-block-column-is-layout-flow\" style=\"flex-basis:20%\">\n<figure class=\"wp-block-image size-large\"><img loading=\"lazy\" decoding=\"async\" width=\"791\" height=\"1024\" src=\"https:\/\/cetbolivia.org\/wp-content\/uploads\/2025\/10\/memorias-trabajo-social-i-1-791x1024.png\" alt=\"\" class=\"wp-image-203\" style=\"object-fit:cover\" srcset=\"https:\/\/cetbolivia.org\/wp-content\/uploads\/2025\/10\/memorias-trabajo-social-i-1-791x1024.png 791w, https:\/\/cetbolivia.org\/wp-content\/uploads\/2025\/10\/memorias-trabajo-social-i-1-232x300.png 232w, https:\/\/cetbolivia.org\/wp-content\/uploads\/2025\/10\/memorias-trabajo-social-i-1-768x994.png 768w, https:\/\/cetbolivia.org\/wp-content\/uploads\/2025\/10\/memorias-trabajo-social-i-1-1187x1536.png 1187w, https:\/\/cetbolivia.org\/wp-content\/uploads\/2025\/10\/memorias-trabajo-social-i-1-1583x2048.png 1583w, https:\/\/cetbolivia.org\/wp-content\/uploads\/2025\/10\/memorias-trabajo-social-i-1-9x12.png 9w, https:\/\/cetbolivia.org\/wp-content\/uploads\/2025\/10\/memorias-trabajo-social-i-1-scaled.png 1978w\" sizes=\"auto, (max-width: 791px) 100vw, 791px\" \/><\/figure>\n<\/div>\n\n\n\n<div class=\"wp-block-column is-layout-flow wp-block-column-is-layout-flow\" style=\"flex-basis:80%\">\n<h3 class=\"wp-block-heading\"><strong>Memorias Cient\u00edficas del I Encuentro Internacional de Trabajo Social<\/strong><\/h3>\n\n\n\n<p>ISBN: 978-99974-63-25-8<\/p>\n\n\n\n<p>Compiladores: Isaac Velasco Campos, Edgar Olivares Alvares<\/p>\n\n\n\n<div class=\"wp-block-buttons is-content-justification-center is-layout-flex wp-container-core-buttons-is-layout-a89b3969 wp-block-buttons-is-layout-flex\">\n<div class=\"wp-block-button\"><a class=\"wp-block-button__link has-text-align-center wp-element-button\" href=\"https:\/\/repositorio.cidecuador.org\/handle\/123456789\/2089\">Descargar PDF<\/a><\/div>\n<\/div>\n<\/div>\n<\/div>\n<\/div><\/div>","protected":false},"excerpt":{"rendered":"<p>Memorias Cient\u00edficas del I Congreso Internacional de Turismo y Hoteler\u00eda ISBN: 978-9942-14-901-5 Compiladores: Jos\u00e9 Ernesto Fern\u00e1ndez, Edgar Olivares Alvares Memorias [&hellip;]<\/p>","protected":false},"author":1,"featured_media":0,"parent":0,"menu_order":0,"comment_status":"closed","ping_status":"closed","template":"","meta":{"_uag_custom_page_level_css":"","site-sidebar-layout":"default","site-content-layout":"","ast-site-content-layout":"default","site-content-style":"default","site-sidebar-style":"default","ast-global-header-display":"","ast-banner-title-visibility":"","ast-main-header-display":"","ast-hfb-above-header-display":"","ast-hfb-below-header-display":"","ast-hfb-mobile-header-display":"","site-post-title":"","ast-breadcrumbs-content":"","ast-featured-img":"","footer-sml-layout":"","theme-transparent-header-meta":"","adv-header-id-meta":"","stick-header-meta":"","header-above-stick-meta":"","header-main-stick-meta":"","header-below-stick-meta":"","astra-migrate-meta-layouts":"default","ast-page-background-enabled":"default","ast-page-background-meta":{"desktop":{"background-color":"var(--ast-global-color-5)","background-image":"","background-repeat":"repeat","background-position":"center center","background-size":"auto","background-attachment":"scroll","background-type":"","background-media":"","overlay-type":"","overlay-color":"","overlay-opacity":"","overlay-gradient":""},"tablet":{"background-color":"","background-image":"","background-repeat":"repeat","background-position":"center center","background-size":"auto","background-attachment":"scroll","background-type":"","background-media":"","overlay-type":"","overlay-color":"","overlay-opacity":"","overlay-gradient":""},"mobile":{"background-color":"","background-image":"","background-repeat":"repeat","background-position":"center center","background-size":"auto","background-attachment":"scroll","background-type":"","background-media":"","overlay-type":"","overlay-color":"","overlay-opacity":"","overlay-gradient":""}},"ast-content-background-meta":{"desktop":{"background-color":"var(--ast-global-color-4)","background-image":"","background-repeat":"repeat","background-position":"center center","background-size":"auto","background-attachment":"scroll","background-type":"","background-media":"","overlay-type":"","overlay-color":"","overlay-opacity":"","overlay-gradient":""},"tablet":{"background-color":"var(--ast-global-color-4)","background-image":"","background-repeat":"repeat","background-position":"center center","background-size":"auto","background-attachment":"scroll","background-type":"","background-media":"","overlay-type":"","overlay-color":"","overlay-opacity":"","overlay-gradient":""},"mobile":{"background-color":"var(--ast-global-color-4)","background-image":"","background-repeat":"repeat","background-position":"center center","background-size":"auto","background-attachment":"scroll","background-type":"","background-media":"","overlay-type":"","overlay-color":"","overlay-opacity":"","overlay-gradient":""}},"footnotes":""},"class_list":["post-96","page","type-page","status-publish","hentry"],"uagb_featured_image_src":{"full":false,"thumbnail":false,"medium":false,"medium_large":false,"large":false,"1536x1536":false,"2048x2048":false,"trp-custom-language-flag":false},"uagb_author_info":{"display_name":"soportesistemas","author_link":"https:\/\/cetbolivia.org\/en\/blog\/author\/soportesistemas\/"},"uagb_comment_info":0,"uagb_excerpt":"Memorias Cient\u00edficas del I Congreso Internacional de Turismo y Hoteler\u00eda ISBN: 978-9942-14-901-5 Compiladores: Jos\u00e9 Ernesto Fern\u00e1ndez, Edgar Olivares Alvares Memorias [&hellip;]","_links":{"self":[{"href":"https:\/\/cetbolivia.org\/en\/wp-json\/wp\/v2\/pages\/96","targetHints":{"allow":["GET"]}}],"collection":[{"href":"https:\/\/cetbolivia.org\/en\/wp-json\/wp\/v2\/pages"}],"about":[{"href":"https:\/\/cetbolivia.org\/en\/wp-json\/wp\/v2\/types\/page"}],"author":[{"embeddable":true,"href":"https:\/\/cetbolivia.org\/en\/wp-json\/wp\/v2\/users\/1"}],"replies":[{"embeddable":true,"href":"https:\/\/cetbolivia.org\/en\/wp-json\/wp\/v2\/comments?post=96"}],"version-history":[{"count":7,"href":"https:\/\/cetbolivia.org\/en\/wp-json\/wp\/v2\/pages\/96\/revisions"}],"predecessor-version":[{"id":206,"href":"https:\/\/cetbolivia.org\/en\/wp-json\/wp\/v2\/pages\/96\/revisions\/206"}],"wp:attachment":[{"href":"https:\/\/cetbolivia.org\/en\/wp-json\/wp\/v2\/media?parent=96"}],"curies":[{"name":"wp","href":"https:\/\/api.w.org\/{rel}","templated":true}]}}